{"id":1309,"date":"2021-09-16T15:57:14","date_gmt":"2021-09-16T15:57:14","guid":{"rendered":"https:\/\/litalsa.es\/sectores\/"},"modified":"2022-01-12T11:41:11","modified_gmt":"2022-01-12T11:41:11","slug":"secteurs","status":"publish","type":"page","link":"https:\/\/litalsa.es\/fr\/secteurs\/","title":{"rendered":"Secteurs"},"content":{"rendered":"<p><strong>Nous sommes sp\u00e9cialistes de l\u2019impression offset et du vernissage de plaques m\u00e9talliques pour une grande vari\u00e9t\u00e9 d\u2019emballages et de produits m\u00e9talliques dans un large \u00e9ventail d\u2019industries, en r\u00e9pondant aux exigences techniques strictes et sp\u00e9cifiques de chaque utilisation ou secteur.<\/strong><\/p>\n<p>Alimentation<br \/>\nA\u00e9rosol<br \/>\nParfumerie<br \/>\nPremium<br \/>\nIndustriel<br \/>\nFermetures<\/p>\n","protected":false},"excerpt":{"rendered":"<p>Nous sommes sp\u00e9cialistes de l\u2019impression offset et du vernissage de plaques m\u00e9talliques pour une grande vari\u00e9t\u00e9 d\u2019emballages et de produits m\u00e9talliques dans un large \u00e9ventail d\u2019industries, en r\u00e9pondant aux exigences techniques strictes et sp\u00e9cifiques de chaque utilisation ou secteur. Alimentation A\u00e9rosol Parfumerie Premium Industriel Fermetures<\/p>\n","protected":false},"author":1,"featured_media":0,"parent":0,"menu_order":0,"comment_status":"closed","ping_status":"closed","template":"pages\/page-sectores.php","meta":{"inline_featured_image":false,"footnotes":""},"class_list":["post-1309","page","type-page","status-publish","hentry"],"yoast_head":"<!-- This site is optimized with the Yoast SEO plugin v27.3 - https:\/\/yoast.com\/product\/yoast-seo-wordpress\/ -->\n<title>Les secteurs o\u00f9 nous fabriquons des plaques d&#039;emballage | Litalsa<\/title>\n<meta name=\"description\" content=\"Nous sommes une entreprise qui fabrique des plaques pour conteneurs m\u00e9talliques. Conna\u00eetre tous les secteurs que nous fournissons produit.\" \/>\n<meta name=\"robots\" content=\"index, follow, max-snippet:-1, max-image-preview:large, max-video-preview:-1\" \/>\n<link rel=\"canonical\" href=\"https:\/\/litalsa.es\/fr\/secteurs\/\" \/>\n<meta property=\"og:locale\" content=\"fr_FR\" \/>\n<meta property=\"og:type\" content=\"article\" \/>\n<meta property=\"og:title\" content=\"Les secteurs o\u00f9 nous fabriquons des plaques d&#039;emballage | Litalsa\" \/>\n<meta property=\"og:description\" content=\"Nous sommes une entreprise qui fabrique des plaques pour conteneurs m\u00e9talliques. Conna\u00eetre tous les secteurs que nous fournissons produit.\" \/>\n<meta property=\"og:url\" content=\"https:\/\/litalsa.es\/fr\/secteurs\/\" \/>\n<meta property=\"og:site_name\" content=\"Litalsa\" \/>\n<meta property=\"article:modified_time\" content=\"2022-01-12T11:41:11+00:00\" \/>\n<meta name=\"twitter:card\" content=\"summary_large_image\" \/>\n<script type=\"application\/ld+json\" class=\"yoast-schema-graph\">{\"@context\":\"https:\\\/\\\/schema.org\",\"@graph\":[{\"@type\":\"WebPage\",\"@id\":\"https:\\\/\\\/litalsa.es\\\/fr\\\/secteurs\\\/\",\"url\":\"https:\\\/\\\/litalsa.es\\\/fr\\\/secteurs\\\/\",\"name\":\"Les secteurs o\u00f9 nous fabriquons des plaques d'emballage | Litalsa\",\"isPartOf\":{\"@id\":\"https:\\\/\\\/litalsa.es\\\/fr\\\/#website\"},\"datePublished\":\"2021-09-16T15:57:14+00:00\",\"dateModified\":\"2022-01-12T11:41:11+00:00\",\"description\":\"Nous sommes une entreprise qui fabrique des plaques pour conteneurs m\u00e9talliques. Conna\u00eetre tous les secteurs que nous fournissons produit.\",\"breadcrumb\":{\"@id\":\"https:\\\/\\\/litalsa.es\\\/fr\\\/secteurs\\\/#breadcrumb\"},\"inLanguage\":\"fr-FR\",\"potentialAction\":[{\"@type\":\"ReadAction\",\"target\":[\"https:\\\/\\\/litalsa.es\\\/fr\\\/secteurs\\\/\"]}]},{\"@type\":\"BreadcrumbList\",\"@id\":\"https:\\\/\\\/litalsa.es\\\/fr\\\/secteurs\\\/#breadcrumb\",\"itemListElement\":[{\"@type\":\"ListItem\",\"position\":1,\"name\":\"Portada\",\"item\":\"https:\\\/\\\/litalsa.es\\\/fr\\\/\"},{\"@type\":\"ListItem\",\"position\":2,\"name\":\"Secteurs\"}]},{\"@type\":\"WebSite\",\"@id\":\"https:\\\/\\\/litalsa.es\\\/fr\\\/#website\",\"url\":\"https:\\\/\\\/litalsa.es\\\/fr\\\/\",\"name\":\"Litalsa\",\"description\":\"\",\"publisher\":{\"@id\":\"https:\\\/\\\/litalsa.es\\\/fr\\\/#organization\"},\"potentialAction\":[{\"@type\":\"SearchAction\",\"target\":{\"@type\":\"EntryPoint\",\"urlTemplate\":\"https:\\\/\\\/litalsa.es\\\/fr\\\/?s={search_term_string}\"},\"query-input\":{\"@type\":\"PropertyValueSpecification\",\"valueRequired\":true,\"valueName\":\"search_term_string\"}}],\"inLanguage\":\"fr-FR\"},{\"@type\":\"Organization\",\"@id\":\"https:\\\/\\\/litalsa.es\\\/fr\\\/#organization\",\"name\":\"Litalsa\",\"url\":\"https:\\\/\\\/litalsa.es\\\/fr\\\/\",\"logo\":{\"@type\":\"ImageObject\",\"inLanguage\":\"fr-FR\",\"@id\":\"https:\\\/\\\/litalsa.es\\\/fr\\\/#\\\/schema\\\/logo\\\/image\\\/\",\"url\":\"https:\\\/\\\/litalsa.es\\\/wp-content\\\/uploads\\\/2021\\\/09\\\/logotipo-litalsa.png\",\"contentUrl\":\"https:\\\/\\\/litalsa.es\\\/wp-content\\\/uploads\\\/2021\\\/09\\\/logotipo-litalsa.png\",\"width\":128,\"height\":76,\"caption\":\"Litalsa\"},\"image\":{\"@id\":\"https:\\\/\\\/litalsa.es\\\/fr\\\/#\\\/schema\\\/logo\\\/image\\\/\"}}]}<\/script>\n<!-- \/ Yoast SEO plugin. -->","yoast_head_json":{"title":"Les secteurs o\u00f9 nous fabriquons des plaques d'emballage | Litalsa","description":"Nous sommes une entreprise qui fabrique des plaques pour conteneurs m\u00e9talliques. Conna\u00eetre tous les secteurs que nous fournissons produit.","robots":{"index":"index","follow":"follow","max-snippet":"max-snippet:-1","max-image-preview":"max-image-preview:large","max-video-preview":"max-video-preview:-1"},"canonical":"https:\/\/litalsa.es\/fr\/secteurs\/","og_locale":"fr_FR","og_type":"article","og_title":"Les secteurs o\u00f9 nous fabriquons des plaques d'emballage | Litalsa","og_description":"Nous sommes une entreprise qui fabrique des plaques pour conteneurs m\u00e9talliques. Conna\u00eetre tous les secteurs que nous fournissons produit.","og_url":"https:\/\/litalsa.es\/fr\/secteurs\/","og_site_name":"Litalsa","article_modified_time":"2022-01-12T11:41:11+00:00","twitter_card":"summary_large_image","schema":{"@context":"https:\/\/schema.org","@graph":[{"@type":"WebPage","@id":"https:\/\/litalsa.es\/fr\/secteurs\/","url":"https:\/\/litalsa.es\/fr\/secteurs\/","name":"Les secteurs o\u00f9 nous fabriquons des plaques d'emballage | Litalsa","isPartOf":{"@id":"https:\/\/litalsa.es\/fr\/#website"},"datePublished":"2021-09-16T15:57:14+00:00","dateModified":"2022-01-12T11:41:11+00:00","description":"Nous sommes une entreprise qui fabrique des plaques pour conteneurs m\u00e9talliques. Conna\u00eetre tous les secteurs que nous fournissons produit.","breadcrumb":{"@id":"https:\/\/litalsa.es\/fr\/secteurs\/#breadcrumb"},"inLanguage":"fr-FR","potentialAction":[{"@type":"ReadAction","target":["https:\/\/litalsa.es\/fr\/secteurs\/"]}]},{"@type":"BreadcrumbList","@id":"https:\/\/litalsa.es\/fr\/secteurs\/#breadcrumb","itemListElement":[{"@type":"ListItem","position":1,"name":"Portada","item":"https:\/\/litalsa.es\/fr\/"},{"@type":"ListItem","position":2,"name":"Secteurs"}]},{"@type":"WebSite","@id":"https:\/\/litalsa.es\/fr\/#website","url":"https:\/\/litalsa.es\/fr\/","name":"Litalsa","description":"","publisher":{"@id":"https:\/\/litalsa.es\/fr\/#organization"},"potentialAction":[{"@type":"SearchAction","target":{"@type":"EntryPoint","urlTemplate":"https:\/\/litalsa.es\/fr\/?s={search_term_string}"},"query-input":{"@type":"PropertyValueSpecification","valueRequired":true,"valueName":"search_term_string"}}],"inLanguage":"fr-FR"},{"@type":"Organization","@id":"https:\/\/litalsa.es\/fr\/#organization","name":"Litalsa","url":"https:\/\/litalsa.es\/fr\/","logo":{"@type":"ImageObject","inLanguage":"fr-FR","@id":"https:\/\/litalsa.es\/fr\/#\/schema\/logo\/image\/","url":"https:\/\/litalsa.es\/wp-content\/uploads\/2021\/09\/logotipo-litalsa.png","contentUrl":"https:\/\/litalsa.es\/wp-content\/uploads\/2021\/09\/logotipo-litalsa.png","width":128,"height":76,"caption":"Litalsa"},"image":{"@id":"https:\/\/litalsa.es\/fr\/#\/schema\/logo\/image\/"}}]}},"_links":{"self":[{"href":"https:\/\/litalsa.es\/fr\/wp-json\/wp\/v2\/pages\/1309","targetHints":{"allow":["GET"]}}],"collection":[{"href":"https:\/\/litalsa.es\/fr\/wp-json\/wp\/v2\/pages"}],"about":[{"href":"https:\/\/litalsa.es\/fr\/wp-json\/wp\/v2\/types\/page"}],"author":[{"embeddable":true,"href":"https:\/\/litalsa.es\/fr\/wp-json\/wp\/v2\/users\/1"}],"replies":[{"embeddable":true,"href":"https:\/\/litalsa.es\/fr\/wp-json\/wp\/v2\/comments?post=1309"}],"version-history":[{"count":2,"href":"https:\/\/litalsa.es\/fr\/wp-json\/wp\/v2\/pages\/1309\/revisions"}],"predecessor-version":[{"id":1377,"href":"https:\/\/litalsa.es\/fr\/wp-json\/wp\/v2\/pages\/1309\/revisions\/1377"}],"wp:attachment":[{"href":"https:\/\/litalsa.es\/fr\/wp-json\/wp\/v2\/media?parent=1309"}],"curies":[{"name":"wp","href":"https:\/\/api.w.org\/{rel}","templated":true}]}}