{"id":2507,"date":"2023-11-02T08:25:37","date_gmt":"2023-11-02T08:25:37","guid":{"rendered":"https:\/\/litalsa.es\/services\/laminado\/"},"modified":"2025-04-23T06:44:21","modified_gmt":"2025-04-23T06:44:21","slug":"lamination","status":"publish","type":"page","link":"https:\/\/litalsa.es\/en\/services\/lamination\/","title":{"rendered":"Laminado"},"content":{"rendered":"","protected":false},"excerpt":{"rendered":"","protected":false},"author":1,"featured_media":0,"parent":1330,"menu_order":0,"comment_status":"closed","ping_status":"closed","template":"pages\/page-servicio.php","meta":{"inline_featured_image":false,"footnotes":""},"class_list":["post-2507","page","type-page","status-publish","hentry"],"yoast_head":"<!-- This site is optimized with the Yoast SEO plugin v27.3 - https:\/\/yoast.com\/product\/yoast-seo-wordpress\/ -->\n<title>Laminado de planchas met\u00e1licas - Litalsa<\/title>\n<meta name=\"description\" content=\"En Litalsa hemos incorporado esta nueva soluci\u00f3n productiva permite recubrir ambas caras de la bobina met\u00e1lica con un film pl\u00e1stico.\" \/>\n<meta name=\"robots\" content=\"index, follow, max-snippet:-1, max-image-preview:large, max-video-preview:-1\" \/>\n<link rel=\"canonical\" href=\"https:\/\/litalsa.es\/en\/services\/lamination\/\" \/>\n<meta property=\"og:locale\" content=\"en_US\" \/>\n<meta property=\"og:type\" content=\"article\" \/>\n<meta property=\"og:title\" content=\"Laminado de planchas met\u00e1licas - Litalsa\" \/>\n<meta property=\"og:description\" content=\"En Litalsa hemos incorporado esta nueva soluci\u00f3n productiva permite recubrir ambas caras de la bobina met\u00e1lica con un film pl\u00e1stico.\" \/>\n<meta property=\"og:url\" content=\"https:\/\/litalsa.es\/en\/services\/lamination\/\" \/>\n<meta property=\"og:site_name\" content=\"Litalsa\" \/>\n<meta property=\"article:modified_time\" content=\"2025-04-23T06:44:21+00:00\" \/>\n<meta name=\"twitter:card\" content=\"summary_large_image\" \/>\n<script type=\"application\/ld+json\" class=\"yoast-schema-graph\">{\"@context\":\"https:\\\/\\\/schema.org\",\"@graph\":[{\"@type\":\"WebPage\",\"@id\":\"https:\\\/\\\/litalsa.es\\\/en\\\/services\\\/lamination\\\/\",\"url\":\"https:\\\/\\\/litalsa.es\\\/en\\\/services\\\/lamination\\\/\",\"name\":\"Laminado de planchas met\u00e1licas - Litalsa\",\"isPartOf\":{\"@id\":\"https:\\\/\\\/litalsa.es\\\/en\\\/#website\"},\"datePublished\":\"2023-11-02T08:25:37+00:00\",\"dateModified\":\"2025-04-23T06:44:21+00:00\",\"description\":\"En Litalsa hemos incorporado esta nueva soluci\u00f3n productiva permite recubrir ambas caras de la bobina met\u00e1lica con un film pl\u00e1stico.\",\"breadcrumb\":{\"@id\":\"https:\\\/\\\/litalsa.es\\\/en\\\/services\\\/lamination\\\/#breadcrumb\"},\"inLanguage\":\"en-US\",\"potentialAction\":[{\"@type\":\"ReadAction\",\"target\":[\"https:\\\/\\\/litalsa.es\\\/en\\\/services\\\/lamination\\\/\"]}]},{\"@type\":\"BreadcrumbList\",\"@id\":\"https:\\\/\\\/litalsa.es\\\/en\\\/services\\\/lamination\\\/#breadcrumb\",\"itemListElement\":[{\"@type\":\"ListItem\",\"position\":1,\"name\":\"Portada\",\"item\":\"https:\\\/\\\/litalsa.es\\\/en\\\/\"},{\"@type\":\"ListItem\",\"position\":2,\"name\":\"Services\",\"item\":\"https:\\\/\\\/litalsa.es\\\/en\\\/services\\\/\"},{\"@type\":\"ListItem\",\"position\":3,\"name\":\"Laminado\"}]},{\"@type\":\"WebSite\",\"@id\":\"https:\\\/\\\/litalsa.es\\\/en\\\/#website\",\"url\":\"https:\\\/\\\/litalsa.es\\\/en\\\/\",\"name\":\"Litalsa\",\"description\":\"\",\"publisher\":{\"@id\":\"https:\\\/\\\/litalsa.es\\\/en\\\/#organization\"},\"potentialAction\":[{\"@type\":\"SearchAction\",\"target\":{\"@type\":\"EntryPoint\",\"urlTemplate\":\"https:\\\/\\\/litalsa.es\\\/en\\\/?s={search_term_string}\"},\"query-input\":{\"@type\":\"PropertyValueSpecification\",\"valueRequired\":true,\"valueName\":\"search_term_string\"}}],\"inLanguage\":\"en-US\"},{\"@type\":\"Organization\",\"@id\":\"https:\\\/\\\/litalsa.es\\\/en\\\/#organization\",\"name\":\"Litalsa\",\"url\":\"https:\\\/\\\/litalsa.es\\\/en\\\/\",\"logo\":{\"@type\":\"ImageObject\",\"inLanguage\":\"en-US\",\"@id\":\"https:\\\/\\\/litalsa.es\\\/en\\\/#\\\/schema\\\/logo\\\/image\\\/\",\"url\":\"https:\\\/\\\/litalsa.es\\\/wp-content\\\/uploads\\\/2021\\\/09\\\/logotipo-litalsa.png\",\"contentUrl\":\"https:\\\/\\\/litalsa.es\\\/wp-content\\\/uploads\\\/2021\\\/09\\\/logotipo-litalsa.png\",\"width\":128,\"height\":76,\"caption\":\"Litalsa\"},\"image\":{\"@id\":\"https:\\\/\\\/litalsa.es\\\/en\\\/#\\\/schema\\\/logo\\\/image\\\/\"}}]}<\/script>\n<!-- \/ Yoast SEO plugin. -->","yoast_head_json":{"title":"Laminado de planchas met\u00e1licas - Litalsa","description":"En Litalsa hemos incorporado esta nueva soluci\u00f3n productiva permite recubrir ambas caras de la bobina met\u00e1lica con un film pl\u00e1stico.","robots":{"index":"index","follow":"follow","max-snippet":"max-snippet:-1","max-image-preview":"max-image-preview:large","max-video-preview":"max-video-preview:-1"},"canonical":"https:\/\/litalsa.es\/en\/services\/lamination\/","og_locale":"en_US","og_type":"article","og_title":"Laminado de planchas met\u00e1licas - Litalsa","og_description":"En Litalsa hemos incorporado esta nueva soluci\u00f3n productiva permite recubrir ambas caras de la bobina met\u00e1lica con un film pl\u00e1stico.","og_url":"https:\/\/litalsa.es\/en\/services\/lamination\/","og_site_name":"Litalsa","article_modified_time":"2025-04-23T06:44:21+00:00","twitter_card":"summary_large_image","schema":{"@context":"https:\/\/schema.org","@graph":[{"@type":"WebPage","@id":"https:\/\/litalsa.es\/en\/services\/lamination\/","url":"https:\/\/litalsa.es\/en\/services\/lamination\/","name":"Laminado de planchas met\u00e1licas - Litalsa","isPartOf":{"@id":"https:\/\/litalsa.es\/en\/#website"},"datePublished":"2023-11-02T08:25:37+00:00","dateModified":"2025-04-23T06:44:21+00:00","description":"En Litalsa hemos incorporado esta nueva soluci\u00f3n productiva permite recubrir ambas caras de la bobina met\u00e1lica con un film pl\u00e1stico.","breadcrumb":{"@id":"https:\/\/litalsa.es\/en\/services\/lamination\/#breadcrumb"},"inLanguage":"en-US","potentialAction":[{"@type":"ReadAction","target":["https:\/\/litalsa.es\/en\/services\/lamination\/"]}]},{"@type":"BreadcrumbList","@id":"https:\/\/litalsa.es\/en\/services\/lamination\/#breadcrumb","itemListElement":[{"@type":"ListItem","position":1,"name":"Portada","item":"https:\/\/litalsa.es\/en\/"},{"@type":"ListItem","position":2,"name":"Services","item":"https:\/\/litalsa.es\/en\/services\/"},{"@type":"ListItem","position":3,"name":"Laminado"}]},{"@type":"WebSite","@id":"https:\/\/litalsa.es\/en\/#website","url":"https:\/\/litalsa.es\/en\/","name":"Litalsa","description":"","publisher":{"@id":"https:\/\/litalsa.es\/en\/#organization"},"potentialAction":[{"@type":"SearchAction","target":{"@type":"EntryPoint","urlTemplate":"https:\/\/litalsa.es\/en\/?s={search_term_string}"},"query-input":{"@type":"PropertyValueSpecification","valueRequired":true,"valueName":"search_term_string"}}],"inLanguage":"en-US"},{"@type":"Organization","@id":"https:\/\/litalsa.es\/en\/#organization","name":"Litalsa","url":"https:\/\/litalsa.es\/en\/","logo":{"@type":"ImageObject","inLanguage":"en-US","@id":"https:\/\/litalsa.es\/en\/#\/schema\/logo\/image\/","url":"https:\/\/litalsa.es\/wp-content\/uploads\/2021\/09\/logotipo-litalsa.png","contentUrl":"https:\/\/litalsa.es\/wp-content\/uploads\/2021\/09\/logotipo-litalsa.png","width":128,"height":76,"caption":"Litalsa"},"image":{"@id":"https:\/\/litalsa.es\/en\/#\/schema\/logo\/image\/"}}]}},"_links":{"self":[{"href":"https:\/\/litalsa.es\/en\/wp-json\/wp\/v2\/pages\/2507","targetHints":{"allow":["GET"]}}],"collection":[{"href":"https:\/\/litalsa.es\/en\/wp-json\/wp\/v2\/pages"}],"about":[{"href":"https:\/\/litalsa.es\/en\/wp-json\/wp\/v2\/types\/page"}],"author":[{"embeddable":true,"href":"https:\/\/litalsa.es\/en\/wp-json\/wp\/v2\/users\/1"}],"replies":[{"embeddable":true,"href":"https:\/\/litalsa.es\/en\/wp-json\/wp\/v2\/comments?post=2507"}],"version-history":[{"count":3,"href":"https:\/\/litalsa.es\/en\/wp-json\/wp\/v2\/pages\/2507\/revisions"}],"predecessor-version":[{"id":2513,"href":"https:\/\/litalsa.es\/en\/wp-json\/wp\/v2\/pages\/2507\/revisions\/2513"}],"up":[{"embeddable":true,"href":"https:\/\/litalsa.es\/en\/wp-json\/wp\/v2\/pages\/1330"}],"wp:attachment":[{"href":"https:\/\/litalsa.es\/en\/wp-json\/wp\/v2\/media?parent=2507"}],"curies":[{"name":"wp","href":"https:\/\/api.w.org\/{rel}","templated":true}]}}